{"id":2,"date":"2024-10-15T14:20:02","date_gmt":"2024-10-15T14:20:02","guid":{"rendered":"https:\/\/liefergruen.de\/?page_id=2"},"modified":"2024-10-15T14:50:45","modified_gmt":"2024-10-15T14:50:45","slug":"sample-page","status":"publish","type":"page","link":"https:\/\/liefergruen.de\/","title":{"rendered":"Elektro-Lieferungen im gro\u00dfen Ma\u00dfstab \u2013 ohne Kompromisse"},"content":{"rendered":"\n<p>Mit unserer umfangreichen elektrischen Flotte und einer professionell entwickelten Ladeinfrastruktur setzen wir neue Ma\u00dfst\u00e4be f\u00fcr nachhaltige Lieferungen. Unser Netzwerk erm\u00f6glicht es uns, effizient und umweltfreundlich zu liefern, ohne dabei die hohen Erwartungen unserer Kunden zu vernachl\u00e4ssigen. Wir sind davon \u00fcberzeugt, dass die Zukunft der Logistik elektrisch ist und dass Nachhaltigkeit kein Luxus sein sollte, sondern die Norm. Daher bieten wir Elektro-Lieferungen im gro\u00dfen Ma\u00dfstab an, ohne dass unsere Kunden daf\u00fcr mehr bezahlen m\u00fcssen. Nachhaltigkeit ist bei uns keine Option \u2013 es ist der Kern unseres Gesch\u00e4ftsmodells.<\/p>\n\n\n\n<p>Unsere elektrische Flotte ist nicht nur umweltfreundlich, sondern auch leistungsf\u00e4hig und robust genug, um die hohen Anforderungen des modernen E-Commerce zu erf\u00fcllen. Wir haben in die modernsten Elektrofahrzeuge und in eine fl\u00e4chendeckende Ladeinfrastruktur investiert, die es uns erm\u00f6glichen, gro\u00dfe Mengen an Paketen schnell, effizient und nachhaltig zu transportieren. Unsere Elektroflotte reduziert nicht nur die CO\u2082-Emissionen, sondern tr\u00e4gt auch zur Verbesserung der Luftqualit\u00e4t in den St\u00e4dten bei, in denen wir t\u00e4tig sind. Damit leisten wir einen wesentlichen Beitrag zur Erreichung der Klimaziele und zur Verbesserung der Lebensqualit\u00e4t in st\u00e4dtischen Gebieten.<\/p>\n\n\n\n<p>Unser Netzwerk wurde mit dem Ziel entwickelt, H\u00f6chstleistungen zu erbringen. Wir garantieren schnelle Lieferungen, damit Ihre Kunden nie lange warten m\u00fcssen. Trotz unserer Priorit\u00e4t auf Geschwindigkeit machen wir keine Kompromisse bei der Nachhaltigkeit. Wir liefern nicht nur Pakete, sondern auch Zufriedenheit \u2013 und das in jeder Hinsicht. Unsere Elektrofahrzeuge sind nicht nur leise und emissionsfrei, sie helfen auch, den Verkehrsfluss in den St\u00e4dten zu verbessern und Staus zu reduzieren.<\/p>\n\n\n\n<p>Die Technologie hinter unserem Liefernetzwerk erm\u00f6glicht es uns, pr\u00e4zise und p\u00fcnktliche Zustellungen zu gew\u00e4hrleisten, selbst in den anspruchsvollsten st\u00e4dtischen Umgebungen. Wir nutzen fortschrittliche Algorithmen und Echtzeitdaten, um die effizientesten Routen zu planen und gleichzeitig unsere CO\u2082-Bilanz weiter zu minimieren. Unsere Kunden profitieren von einer au\u00dfergew\u00f6hnlich schnellen und zuverl\u00e4ssigen Lieferung, w\u00e4hrend wir gleichzeitig unsere Umweltverantwortung wahrnehmen.<\/p>\n","protected":false},"excerpt":{"rendered":"<p>Mit unserer umfangreichen elektrischen Flotte und einer professionell entwickelten Ladeinfrastruktur setzen wir neue Ma\u00dfst\u00e4be f\u00fcr nachhaltige Lieferungen. Unser Netzwerk erm\u00f6glicht es uns, effizient und umweltfreundlich zu liefern, ohne dabei die hohen Erwartungen unserer Kunden zu vernachl\u00e4ssigen. Wir sind davon \u00fcberzeugt, dass die Zukunft der Logistik elektrisch ist und dass Nachhaltigkeit kein Luxus sein sollte, sondern &#8230; <a title=\"Elektro-Lieferungen im gro\u00dfen Ma\u00dfstab \u2013 ohne Kompromisse\" class=\"read-more\" href=\"https:\/\/liefergruen.de\/\" aria-label=\"Read more about Elektro-Lieferungen im gro\u00dfen Ma\u00dfstab \u2013 ohne Kompromisse\">Read more<\/a><\/p>\n","protected":false},"author":1,"featured_media":0,"parent":0,"menu_order":0,"comment_status":"closed","ping_status":"open","template":"","meta":{"footnotes":""},"class_list":["post-2","page","type-page","status-publish"],"_links":{"self":[{"href":"https:\/\/liefergruen.de\/index.php\/wp-json\/wp\/v2\/pages\/2","targetHints":{"allow":["GET"]}}],"collection":[{"href":"https:\/\/liefergruen.de\/index.php\/wp-json\/wp\/v2\/pages"}],"about":[{"href":"https:\/\/liefergruen.de\/index.php\/wp-json\/wp\/v2\/types\/page"}],"author":[{"embeddable":true,"href":"https:\/\/liefergruen.de\/index.php\/wp-json\/wp\/v2\/users\/1"}],"replies":[{"embeddable":true,"href":"https:\/\/liefergruen.de\/index.php\/wp-json\/wp\/v2\/comments?post=2"}],"version-history":[{"count":1,"href":"https:\/\/liefergruen.de\/index.php\/wp-json\/wp\/v2\/pages\/2\/revisions"}],"predecessor-version":[{"id":8,"href":"https:\/\/liefergruen.de\/index.php\/wp-json\/wp\/v2\/pages\/2\/revisions\/8"}],"wp:attachment":[{"href":"https:\/\/liefergruen.de\/index.php\/wp-json\/wp\/v2\/media?parent=2"}],"curies":[{"name":"wp","href":"https:\/\/api.w.org\/{rel}","templated":true}]}}